{"id":82,"date":"2025-10-11T07:26:28","date_gmt":"2025-10-11T07:26:28","guid":{"rendered":"http:\/\/sbc2026espritvillage.fr\/?page_id=82"},"modified":"2026-01-19T15:50:11","modified_gmt":"2026-01-19T15:50:11","slug":"sbc-2026-lesprit-village","status":"publish","type":"page","link":"https:\/\/sbc2026espritvillage.fr\/","title":{"rendered":"SBC 2026 : l&rsquo;Esprit Village"},"content":{"rendered":"\n<h2 class=\"wp-block-heading\">Pour une commune vivante, solidaire et \u00e0 taille humaine<\/h2>\n\n\n\n<p class=\"has-text-align-left\"><strong>Notre vision : Saint-Brice-Courcelles, un village d\u2019avenir<\/strong><br>Depuis plusieurs mois, des habitantes et des habitants engag\u00e9(e)s \u00e9changent, proposent et construisent <strong>ensemble<\/strong> un projet commun pour notre ville, sans \u00e9tiquette politique.<br><strong>Notre ambition<\/strong> : pr\u00e9server cet esprit village qui fait la force de Saint-Brice-Courcelles, tout en pr\u00e9parant les d\u00e9fis de demain.<\/p>\n\n\n\n<p><strong>SBC 2026 : l&rsquo;Esprit Village<\/strong>, conduite par <strong>Dominique Pargny<\/strong> pour les \u00e9lections municipales de mars 2026, c\u2019est une \u00e9quipe soud\u00e9e, ouverte, \u00e0 l\u2019\u00e9coute des citoyennes et des citoyens, anim\u00e9e par la volont\u00e9 de faire avancer notre commune dans un esprit participatif, transparent et humain.<\/p>\n\n\n\n<h2 class=\"wp-block-heading\">Nos 5 grands principes d\u2019action<\/h2>\n\n\n\n<h3 class=\"wp-block-heading\"><mark style=\"background-color:rgba(0, 0, 0, 0);color:#d07433\" class=\"has-inline-color\">Des habitants au c\u0153ur des d\u00e9cisions<\/mark><br><strong><em>Parce qu\u2019une commune ne peut se construire qu&rsquo;avec celles et ceux qui y vivent<\/em><\/strong><\/h3>\n\n\n\n<p>Nos engagements :<\/p>\n\n\n\n<ul class=\"wp-block-list\">\n<li>Cr\u00e9er des comit\u00e9s de quartier afin de recueillir votre parole et la transformer en actions concr\u00e8tes<\/li>\n\n\n\n<li>Lancer un budget participatif pour financer chaque ann\u00e9e des projets propos\u00e9s par les habitants<\/li>\n\n\n\n<li>Favoriser la mise en place de rencontres citoyennes r\u00e9guli\u00e8res avec les \u00e9lu(e)s<\/li>\n<\/ul>\n\n\n\n<h3 class=\"wp-block-heading\"><mark style=\"background-color:rgba(0, 0, 0, 0);color:#d07433\" class=\"has-inline-color\">Une commune active et solidaire<\/mark><br><em><strong>Parce qu&rsquo;une commune dynamique se nourrit de l&rsquo;engagement de chacun et d&rsquo;un dialogue entre les \u00e2ges<\/strong><\/em><\/h3>\n\n\n\n<p>Nos engagements :<\/p>\n\n\n\n<ul class=\"wp-block-list\">\n<li>D\u00e9fendre notre mod\u00e8le de co\u00e9ducation en soutenant le lien avec le CLAE et les \u00e9coles<\/li>\n\n\n\n<li>D\u00e9velopper des projets interg\u00e9n\u00e9rationnels permettant de p\u00e9renniser la d\u00e9marche Ville Amie Des A\u00een\u00e9s, les activit\u00e9s partag\u00e9es, le jardinage, le num\u00e9rique, le sport, &#8230;<\/li>\n\n\n\n<li>Soutenir les projets port\u00e9s par les associations locales et les \u00e9v\u00e9nements favorisant la convivialit\u00e9<\/li>\n<\/ul>\n\n\n\n<h3 class=\"wp-block-heading\"><mark style=\"background-color:rgba(0, 0, 0, 0);color:#d07433\" class=\"has-inline-color\">Un cadre de vie pr\u00e9serv\u00e9 et apais\u00e9<\/mark><br><em><strong>Parce que bien vivre chez soi, c&rsquo;est pouvoir se d\u00e9placer en toute s\u00e9curit\u00e9 et profiter d&rsquo;espaces agr\u00e9ables<\/strong><\/em><\/h3>\n\n\n\n<p>Nos engagements :<\/p>\n\n\n\n<ul class=\"wp-block-list\">\n<li>D\u00e9velopper les mobilit\u00e9s douces pour tous les usagers et profiter d&rsquo;espaces agr\u00e9ables<\/li>\n\n\n\n<li>Repenser le Saint Brice Courcelles de nos enfants, et conforter son esprit village<\/li>\n\n\n\n<li>Am\u00e9liorer la s\u00e9curit\u00e9 partag\u00e9e et lutter contre les incivilit\u00e9s<\/li>\n\n\n\n<li>Favoriser la requalification urbaine : un centre plus attractif, des fa\u00e7ades harmonis\u00e9es, des espaces verts renforc\u00e9s.<\/li>\n<\/ul>\n\n\n\n<p><mark style=\"background-color:rgba(0, 0, 0, 0)\" class=\"has-inline-color has-vivid-red-color\">\u2026 et bien entendu reprendre le projet \u00ab\u00a0\u00celot Central\u00a0\u00bb sur la base d&rsquo;une \u00e9tude d&rsquo;impact exhaustive, en ramenant le dialogue entre les habitants, le bailleur et la commune.<\/mark><\/p>\n\n\n\n<h3 class=\"wp-block-heading\"><mark style=\"background-color:rgba(0, 0, 0, 0);color:#d07433\" class=\"has-inline-color\">Une \u00e9conomie locale et responsable<\/mark><br><em><strong>Parce qu&rsquo;une commune prosp\u00e8re soutient ses entreprises et ses commerces afin de cr\u00e9er des opportunit\u00e9s d&#8217;emplois<\/strong><\/em><\/h3>\n\n\n\n<p>Nos engagements :<\/p>\n\n\n\n<ul class=\"wp-block-list\">\n<li>Cr\u00e9er un \u201cClub des entreprises bricocorc\u00e9liennes\u201d pour dynamiser l\u2019\u00e9conomie locale<\/li>\n\n\n\n<li>Promouvoir les commerces de proximit\u00e9, les circuits courts et le march\u00e9<\/li>\n\n\n\n<li>Soutenir l\u2019emploi et la formation<\/li>\n<\/ul>\n\n\n\n<h3 class=\"wp-block-heading\"><mark style=\"background-color:rgba(0, 0, 0, 0);color:#d07433\" class=\"has-inline-color\">Une gouvernance claire et transparente<\/mark><br><em><strong>Parce que la transparence n&rsquo;est pas une option mais un droit, rendre les d\u00e9cisions compr\u00e9hensibles et les finances publiques lisibles.<\/strong><\/em><\/h3>\n\n\n\n<p>Nos engagements :<\/p>\n\n\n\n<ul class=\"wp-block-list\">\n<li>Publier un bilan financier annuel simple et accessible \u00e0 tous<\/li>\n\n\n\n<li>Mettre en place une commission de suivi des finances<\/li>\n\n\n\n<li>Informer, dialoguer et consulter les habitants sur les projets municipaux<\/li>\n<\/ul>\n","protected":false},"excerpt":{"rendered":"<p>Pour une commune vivante, solidaire et \u00e0 taille humaine Notre vision : Saint-Brice-Courcelles, un village d\u2019avenirDepuis plusieurs mois, des habitantes et des habitants engag\u00e9(e)s \u00e9changent, proposent et construisent ensemble un projet commun pour notre ville, sans \u00e9tiquette politique.Notre ambition :&#8230; <a href=\"https:\/\/sbc2026espritvillage.fr\/\" class=\"readmore\">Lire plus<span class=\"screen-reader-text\">SBC 2026 : l&rsquo;Esprit Village<\/span><span class=\"fa fa-angle-double-right\" aria-hidden=\"true\"><\/span><\/a><\/p>\n","protected":false},"author":1,"featured_media":0,"parent":0,"menu_order":0,"comment_status":"closed","ping_status":"closed","template":"template\/full-width.php","meta":{"footnotes":""},"class_list":["post-82","page","type-page","status-publish","hentry"],"_links":{"self":[{"href":"https:\/\/sbc2026espritvillage.fr\/index.php?rest_route=\/wp\/v2\/pages\/82","targetHints":{"allow":["GET"]}}],"collection":[{"href":"https:\/\/sbc2026espritvillage.fr\/index.php?rest_route=\/wp\/v2\/pages"}],"about":[{"href":"https:\/\/sbc2026espritvillage.fr\/index.php?rest_route=\/wp\/v2\/types\/page"}],"author":[{"embeddable":true,"href":"https:\/\/sbc2026espritvillage.fr\/index.php?rest_route=\/wp\/v2\/users\/1"}],"replies":[{"embeddable":true,"href":"https:\/\/sbc2026espritvillage.fr\/index.php?rest_route=%2Fwp%2Fv2%2Fcomments&post=82"}],"version-history":[{"count":4,"href":"https:\/\/sbc2026espritvillage.fr\/index.php?rest_route=\/wp\/v2\/pages\/82\/revisions"}],"predecessor-version":[{"id":278,"href":"https:\/\/sbc2026espritvillage.fr\/index.php?rest_route=\/wp\/v2\/pages\/82\/revisions\/278"}],"wp:attachment":[{"href":"https:\/\/sbc2026espritvillage.fr\/index.php?rest_route=%2Fwp%2Fv2%2Fmedia&parent=82"}],"curies":[{"name":"wp","href":"https:\/\/api.w.org\/{rel}","templated":true}]}}