{"id":48,"date":"2025-09-28T08:23:43","date_gmt":"2025-09-28T08:23:43","guid":{"rendered":"http:\/\/sbc2026espritvillage.fr\/?page_id=48"},"modified":"2026-03-04T12:43:25","modified_gmt":"2026-03-04T12:43:25","slug":"lequipe","status":"publish","type":"page","link":"https:\/\/sbc2026espritvillage.fr\/?page_id=48","title":{"rendered":"L&rsquo;\u00e9quipe"},"content":{"rendered":"\n<h2 class=\"wp-block-heading has-text-align-left\">Dominique Pargny, t\u00eate de liste<\/h2>\n\n\n<div class=\"wp-block-image\">\n<figure class=\"alignleft size-full\"><img loading=\"lazy\" decoding=\"async\" width=\"231\" height=\"282\" src=\"https:\/\/sbc2026espritvillage.fr\/wp-content\/uploads\/2025\/11\/P1222023-small-1.png\" alt=\"Dominique Pargny, t\u00eate de liste SBC2026 : Esprit Village\" class=\"wp-image-161\"\/><\/figure>\n<\/div>\n\n\n<p class=\"has-text-align-left\">&#8211; retrait\u00e9, 73 ans &#8211;<br>Fils d&rsquo;artisan, j&rsquo;ai commenc\u00e9 \u00e0 travailler d\u00e8s mon plus jeune \u00e2ge dans la menuiserie paternelle puis en tant que chauffeur routier pour les livraisons. Mes premi\u00e8res ann\u00e9es professionnelles ont ensuite \u00e9t\u00e9 li\u00e9es \u00e0 l&rsquo;eau avec l&rsquo;hydrologie (d\u00e9bits de rivi\u00e8res), la climatologie (r\u00e9seau m\u00e9t\u00e9o), et la g\u00e9ologie (pi\u00e9zom\u00e9trie) en Lorraine. Puis je me suis orient\u00e9 vers l&rsquo;informatique et la formation, qui m&rsquo;ont amen\u00e9 logiquement vers la gestion des ressources humaines. J&rsquo;ai termin\u00e9 ma carri\u00e8re \u00e0 l&rsquo;Universit\u00e9 de Reims Champagne Ardennes, o\u00f9 j&rsquo;ai travaill\u00e9 sur la cartographie des d\u00e9couvertes arch\u00e9ologiques et la m\u00e9diation scientifique.<br>Mes activit\u00e9s personnelles ont d\u00e9but\u00e9 \u00e0 l&rsquo;adolescence, chez les scouts tout d&rsquo;abord, puis dans le monde associatif : arch\u00e9ologie, voile, attelage, \u00e9ducation populaire, culture scientifique, &#8230; o\u00f9 j&rsquo;ai vite pris des responsabilit\u00e9s locales et f\u00e9d\u00e9rales. <br>Maintenant retrait\u00e9, je continue \u00e0 me consacrer \u00e0 la vie associative, et j&rsquo;ai accept\u00e9 de faire partie de la liste d&rsquo;Alain Lescouet en 2020, car me consacrer aux habitants de Saint-Brice-Courcelles a toujours \u00e9t\u00e9 pour moi un engagement fort. Durant ce mandat, j&rsquo;ai apport\u00e9 mon concours, au domaine de l&rsquo;\u00e9ducation (PEDT, CTG, Restaurant, scolaire, Parcours citoyen, \u2026), de l&rsquo;interg\u00e9n\u00e9rationnel (label Ville Amie Des A\u00een\u00e9s, Semaine Bleue, \u2026) et de la culture, me permettant d&rsquo;acqu\u00e9rir une vision compl\u00e8te et structur\u00e9e du fonctionnement municipal.<\/p>\n\n\n\n<p>Fort de quarante-cinq ans d&rsquo;exp\u00e9riences professionnelles \u00e0 des postes \u00e0 responsabilit\u00e9 dans des entreprises priv\u00e9es et des \u00e9tablissements publics, de soixante ans d&rsquo;exp\u00e9rience associative, j&rsquo;ai vu au fil des ann\u00e9es de cette mandature dispara\u00eetre une \u00e0 une les valeurs qui m&rsquo;ont toujours anim\u00e9es : le go\u00fbt du faire ensemble, de l&rsquo;engagement, de l&rsquo;initiative citoyenne, mais j&rsquo;ai pu, malgr\u00e9 tout, en collaboration avec certain(e)s \u00e9lu(e)s, mener ou contribuer \u00e0 mener des projets significatifs pour notre commune (PEDT, CTG, Parcours citoyen, Label VADA, \u00c9cole de musique, VDA, \u2026).<\/p>\n\n\n\n<p>Aujourd&rsquo;hui, je n&rsquo;ai pas baiss\u00e9 les bras, et si je m&rsquo;engage pleinement maintenant, c&rsquo;est pour que notre commune de Saint-Brice-Courcelles ne perde pas son dynamisme, son esprit-village qui fait sa r\u00e9putation et attire de nouveaux habitants. Proposer plut\u00f4t que d&rsquo;opposer, essayer plut\u00f4t que de se r\u00e9signer, mobiliser plut\u00f4t que diviser : voil\u00e0 les valeurs que mon \u00e9quipe et moi-m\u00eame porterons durant le prochain&nbsp;mandat.<\/p>\n\n\n\n<h2 class=\"wp-block-heading has-text-align-left\"><br>Fr\u00e9d\u00e9ric paroche<\/h2>\n\n\n<div class=\"wp-block-image\">\n<figure class=\"alignleft size-full is-resized\"><img loading=\"lazy\" decoding=\"async\" width=\"189\" height=\"218\" src=\"https:\/\/sbc2026espritvillage.fr\/wp-content\/uploads\/2025\/11\/FP.jpg\" alt=\"\" class=\"wp-image-186\" style=\"width:179px;height:auto\"\/><\/figure>\n<\/div>\n\n\n<p>&#8211; entrepreneur, 48 ans &#8211;<br>Ayant beaucoup voyag\u00e9 et travaill\u00e9 comme travailleur social dans une dizaine de villes jusqu\u2019\u00e0 mes 35 ans, je me suis finalement install\u00e9 \u00e0 Saint-Brice-Courcelles, village que j&rsquo; ai appris \u00e0 aimer gr\u00e2ce \u00e0 mon \u00e9pouse. Devenu p\u00e8re, j&rsquo;ai chang\u00e9 de voie et suis d\u00e9sormais chef d\u2019entreprise. Je continue a m\u2019investir pour les autres, notamment comme parent d\u2019\u00e9l\u00e8ve et au sein d\u2019associations. Sensibilis\u00e9 aux questions de handicap par ma famille, je m\u2019engage aujourd\u2019hui pour d\u00e9fendre des valeurs d\u2019inclusion et de solidarit\u00e9.<\/p>\n\n\n\n<h2 class=\"wp-block-heading\"><br>Aur\u00e9lie Paroche<\/h2>\n\n\n<div class=\"wp-block-image\">\n<figure class=\"alignleft size-full\"><img loading=\"lazy\" decoding=\"async\" width=\"175\" height=\"236\" src=\"https:\/\/sbc2026espritvillage.fr\/wp-content\/uploads\/2025\/11\/AP-1.jpg\" alt=\"\" class=\"wp-image-197\"\/><\/figure>\n<\/div>\n\n\n<p>&#8211; Assistante maternelle, 48 ans &#8211; <br>Enfant de Saint-Brice-Courcelles depuis 1982 et l&rsquo;\u00e9laboration du Mont-Herm\u00e9, j&rsquo;ai souhait\u00e9 remercier toutes les opportunit\u00e9s qui m&rsquo;ont \u00e9taient offertes (BAFA gratuit, animation du mercredi apr\u00e8s-midi au Foyer pour Tous) en me mettant aux c\u00f4t\u00e9s de Monsieur Lescouet, porteur de la liste Vivre et Agir. Avant son brutal d\u00e9c\u00e8s, il m&rsquo;a confi\u00e9 la charge d&rsquo;adjointe pour le Bien Vieillir et a valid\u00e9 le projet du label et son c\u00f4t\u00e9 participatif. Pleinement engag\u00e9e, j&rsquo;ai port\u00e9 ce projet qui aujourd&rsquo;hui, gr\u00e2ce \u00e0 l\u2019investissement sans faille, la volont\u00e9 et la bienveillance des employ\u00e9s municipaux, des b\u00e9n\u00e9voles et de certains \u00e9lus dont Dominique PARGNY, est enfin viable. J&rsquo;estime la promesse tenue et soutiens la liste et le programme SBC2026 : Esprit Village, en tant que bricocorcellienne, fi\u00e8re de son territoire et souhaitant le meilleur pour sa commune.<\/p>\n\n\n\n<h2 class=\"wp-block-heading\"><br>Philippe Malnuit<\/h2>\n\n\n<div class=\"wp-block-image\">\n<figure class=\"alignleft size-full is-resized\"><img loading=\"lazy\" decoding=\"async\" width=\"268\" height=\"326\" src=\"https:\/\/sbc2026espritvillage.fr\/wp-content\/uploads\/2025\/11\/PM.jpg\" alt=\"\" class=\"wp-image-184\" style=\"width:164px;height:auto\" srcset=\"https:\/\/sbc2026espritvillage.fr\/wp-content\/uploads\/2025\/11\/PM.jpg 268w, https:\/\/sbc2026espritvillage.fr\/wp-content\/uploads\/2025\/11\/PM-247x300.jpg 247w\" sizes=\"auto, (max-width: 268px) 100vw, 268px\" \/><\/figure>\n<\/div>\n\n\n<p>&#8211; retrait\u00e9, 69 ans &#8211;<br>Fort d\u2019un parcours atypique et riche en exp\u00e9riences, j\u2019ai commenc\u00e9 comme apprenti en restauration,<br>puis j\u2019ai consacr\u00e9 31 ann\u00e9es \u00e0 l\u2019arm\u00e9e, o\u00f9 j\u2019ai acquis discipline, leadership et gestion op\u00e9rationnelle.<br>\u00c0 l\u2019issue de ce service, j\u2019ai r\u00e9orient\u00e9 ma carri\u00e8re vers le secteur civil, en d\u00e9veloppant des comp\u00e9tences solides en banque et en assurances, ax\u00e9es sur la rigueur, le service client et la gestion de risques.<br>Mon profil allie polyvalence, esprit d\u2019\u00e9quipe et capacit\u00e9 \u00e0 conduire des projets dans des environnements exigeants.<\/p>\n\n\n\n<h2 class=\"wp-block-heading has-text-align-left\"><br>Gilles Persinet<\/h2>\n\n\n<div class=\"wp-block-image\">\n<figure class=\"alignleft size-full is-resized\"><img loading=\"lazy\" decoding=\"async\" width=\"438\" height=\"528\" src=\"https:\/\/sbc2026espritvillage.fr\/wp-content\/uploads\/2025\/11\/GP-rotated.jpg\" alt=\"\" class=\"wp-image-171\" style=\"width:162px;height:auto\" srcset=\"https:\/\/sbc2026espritvillage.fr\/wp-content\/uploads\/2025\/11\/GP-rotated.jpg 438w, https:\/\/sbc2026espritvillage.fr\/wp-content\/uploads\/2025\/11\/GP-249x300.jpg 249w\" sizes=\"auto, (max-width: 438px) 100vw, 438px\" \/><\/figure>\n<\/div>\n\n\n<p>&#8211; retrait\u00e9, 71 ans- <br>Chauffeur VL pour personnes \u00e0 mobilit\u00e9 r\u00e9duite, je suis \u00e9galement responsable du T\u00e9l\u00e9thon sur la commune de Saint-Brice-Courcelles depuis 18 ans. Conseiller d\u00e9l\u00e9gu\u00e9 au comit\u00e9s des F\u00eates et au protocole, j&rsquo;organise les festivit\u00e9s sur la commune avec l&rsquo;\u00e9quipe de Plein Feux.<\/p>\n\n\n\n<p><\/p>\n\n\n\n<p><\/p>\n\n\n\n<h2 class=\"wp-block-heading\"><br>Ocean Sun Paris<\/h2>\n\n\n<div class=\"wp-block-image\">\n<figure class=\"alignleft size-full is-resized\"><img loading=\"lazy\" decoding=\"async\" width=\"535\" height=\"731\" src=\"https:\/\/sbc2026espritvillage.fr\/wp-content\/uploads\/2025\/11\/IMG_1284-1.jpeg\" alt=\"\" class=\"wp-image-238\" style=\"width:159px;height:auto\" srcset=\"https:\/\/sbc2026espritvillage.fr\/wp-content\/uploads\/2025\/11\/IMG_1284-1.jpeg 535w, https:\/\/sbc2026espritvillage.fr\/wp-content\/uploads\/2025\/11\/IMG_1284-1-220x300.jpeg 220w\" sizes=\"auto, (max-width: 535px) 100vw, 535px\" \/><\/figure>\n<\/div>\n\n\n<p>&nbsp;&#8211; Enseignante, 28 ans &#8211;&nbsp;<br>J\u2019ai grandi \u00e0 Saint-Brice-Courcelles et je reste tr\u00e8s attach\u00e9e \u00e0 notre commune.&nbsp;Apr\u00e8s un bac +5 (Master \u00c9ducation), j\u2019ai enrichi mon parcours d\u2019une ann\u00e9e de sp\u00e9cialisation linguistique d\u00e9di\u00e9e \u00e0 l\u2019accompagnement des \u00e9l\u00e8ves allophones. Cette formation, ainsi que mon int\u00e9r\u00eat personnel pour les langues, m\u2019a permis d\u2019acqu\u00e9rir une ma\u00eetrise courante de cinq langues.&nbsp;J\u2019enseigne aujourd\u2019hui principalement dans le d\u00e9partement du 93, au sein d\u2019\u00e9tablissements class\u00e9s REP et REP+, o\u00f9 j\u2019ai d\u00e9velopp\u00e9 une solide expertise dans l\u2019accompagnement \u00e9ducatif au sein de contextes socio\u00e9ducatifs sp\u00e9cifiques.<\/p>\n\n\n\n<p>Maman de deux petites filles, j\u2019ai d\u00e9cid\u00e9 de mettre temporairement ma carri\u00e8re entre parenth\u00e8ses pour me consacrer pleinement \u00e0 elles jusqu\u2019\u00e0 leur entr\u00e9e \u00e0 l\u2019\u00e9cole, tout en apportant mon soutien au bureau de tabac dont mon mari est propri\u00e9taire.&nbsp;<\/p>\n\n\n\n<h2 class=\"wp-block-heading\">Laurence LELARGE&nbsp;<\/h2>\n\n\n<div class=\"wp-block-image\">\n<figure class=\"alignleft size-full is-resized\"><img loading=\"lazy\" decoding=\"async\" width=\"256\" height=\"384\" src=\"https:\/\/sbc2026espritvillage.fr\/wp-content\/uploads\/2026\/03\/1000007491.png\" alt=\"\" class=\"wp-image-287\" style=\"width:159px;height:auto\" srcset=\"https:\/\/sbc2026espritvillage.fr\/wp-content\/uploads\/2026\/03\/1000007491.png 256w, https:\/\/sbc2026espritvillage.fr\/wp-content\/uploads\/2026\/03\/1000007491-200x300.png 200w\" sizes=\"auto, (max-width: 256px) 100vw, 256px\" \/><\/figure>\n<\/div>\n\n\n<p>&#8211; Retrait\u00e9e, 66 ans&nbsp;&#8211;<br>Bricocorcellienne depuis 2010, je me suis rapidement investie dans la vie sportive et associative de ma commune, notamment l&rsquo;association \u00ab\u00a0Pleins Feux \u00ab\u00a0.<br>Auxiliaire de vie sociale, j&rsquo;ai pu enrichir mon parcours aupr\u00e8s d&rsquo;un SESSAD (service d&rsquo;\u00e9ducation sp\u00e9ciale et de soins \u00e0 domicile) \u00e9galement au foyer Jean THIBIERGE d\u00e9di\u00e9 aux personnes atteintes d&rsquo;infirmit\u00e9 motrice et c\u00e9r\u00e9brale.&nbsp;<\/p>\n\n\n\n<p>Ces exp\u00e9riences m&rsquo;ont appris l&rsquo;\u00e9coute, la responsabilit\u00e9 et le respect de la dignit\u00e9 de chacun.&nbsp;\u00c0 ma retraite, j&rsquo;ai choisi de poursuivre mon engagement en int\u00e9grant l&rsquo;association JALMALV, j&rsquo;y ai suivi une solide formation aupr\u00e8s de m\u00e9decins, d&rsquo;infirmi\u00e8res et psychologue afin d&rsquo;intervenir en unit\u00e9 de soins palliatifs pour accompagnement des personnes en fin de vie.&nbsp;Cela exige humanit\u00e9, discr\u00e9tion et sens du collectif.&nbsp;<\/p>\n\n\n\n<p>Forte de mon parcours professionnel et associatif, je souhaite mettre toute mon \u00e9nergie au service de ma commune.&nbsp;<\/p>\n\n\n\n<h2 class=\"wp-block-heading\">Christine Guillossou<\/h2>\n\n\n<div class=\"wp-block-image\">\n<figure class=\"alignleft size-large is-resized\"><img loading=\"lazy\" decoding=\"async\" width=\"768\" height=\"1024\" src=\"https:\/\/sbc2026espritvillage.fr\/wp-content\/uploads\/2026\/03\/WhatsApp-Image-2026-02-03-at-18.10.02-768x1024.jpeg\" alt=\"\" class=\"wp-image-290\" style=\"aspect-ratio:0.750026158836455;width:156px;height:auto\" srcset=\"https:\/\/sbc2026espritvillage.fr\/wp-content\/uploads\/2026\/03\/WhatsApp-Image-2026-02-03-at-18.10.02-768x1024.jpeg 768w, https:\/\/sbc2026espritvillage.fr\/wp-content\/uploads\/2026\/03\/WhatsApp-Image-2026-02-03-at-18.10.02-225x300.jpeg 225w, https:\/\/sbc2026espritvillage.fr\/wp-content\/uploads\/2026\/03\/WhatsApp-Image-2026-02-03-at-18.10.02-1152x1536.jpeg 1152w, https:\/\/sbc2026espritvillage.fr\/wp-content\/uploads\/2026\/03\/WhatsApp-Image-2026-02-03-at-18.10.02.jpeg 1200w\" sizes=\"auto, (max-width: 768px) 100vw, 768px\" \/><\/figure>\n<\/div>\n\n\n<p>&#8211; retrait\u00e9e, 70 ans &#8211;<br>Je r\u00e9side \u00e0 Saint-Brice-Courcelles depuis 1988. J\u2019y ai \u00e9lev\u00e9 mes cinq filles et, aujourd\u2019hui, mes petits-enfants et arri\u00e8re-petits-enfants vivent \u00e9galement dans notre belle commune.<\/p>\n\n\n\n<p>Sur le plan de ma carri\u00e8re professionnelle, j\u2019ai exerc\u00e9 pendant quinze ans en tant qu\u2019agent de comptabilit\u00e9, puis durant trente ans comme responsable dans le secteur agroalimentaire. Aujourd\u2019hui \u00e0 la retraite, je suis toujours tr\u00e8s active et me mets au service de ma famille.<\/p>\n\n\n\n<p><\/p>\n\n\n\n<h2 class=\"wp-block-heading\">Alexandre Duibuisson<\/h2>\n\n\n<div class=\"wp-block-image\">\n<figure class=\"alignleft size-large is-resized\"><img loading=\"lazy\" decoding=\"async\" width=\"566\" height=\"1024\" src=\"https:\/\/sbc2026espritvillage.fr\/wp-content\/uploads\/2026\/03\/AD-566x1024.jpeg\" alt=\"\" class=\"wp-image-292\" style=\"aspect-ratio:0.5527355685012425;width:165px;height:auto\" srcset=\"https:\/\/sbc2026espritvillage.fr\/wp-content\/uploads\/2026\/03\/AD-566x1024.jpeg 566w, https:\/\/sbc2026espritvillage.fr\/wp-content\/uploads\/2026\/03\/AD-166x300.jpeg 166w, https:\/\/sbc2026espritvillage.fr\/wp-content\/uploads\/2026\/03\/AD-768x1390.jpeg 768w, https:\/\/sbc2026espritvillage.fr\/wp-content\/uploads\/2026\/03\/AD-849x1536.jpeg 849w, https:\/\/sbc2026espritvillage.fr\/wp-content\/uploads\/2026\/03\/AD.jpeg 884w\" sizes=\"auto, (max-width: 566px) 100vw, 566px\" \/><\/figure>\n<\/div>\n\n\n<p>&#8211; charcutier traiteur, 35 ans &#8211;<br>Install\u00e9 \u00e0 Saint-Brice-Courcelles depuis 10 ans, je suis profond\u00e9ment attach\u00e9 \u00e0 notre village. Aujourd\u2019hui, je souhaite m\u2019investir et donner de mon temps pour soutenir et faire vivre notre commune.<\/p>\n\n\n\n<p><br>Mon parcours professionnel est ancr\u00e9 dans l\u2019h\u00f4tellerie-restauration. Dipl\u00f4m\u00e9 avec une mention compl\u00e9mentaire Dessert de restaurant, j\u2019ai exerc\u00e9 comme cuisinier, p\u00e2tissier, traiteur et en restauration gastronomique.<\/p>\n\n\n\n<p><br>Convaincu par l\u2019importance de la consommation locale, j\u2019ai souhait\u00e9 m\u2019investir dans une activit\u00e9 en coh\u00e9rence avec mes valeurs et je travaille aujourd\u2019hui \u00e0 Esprit Terroirs.<\/p>\n\n\n\n<hr class=\"wp-block-separator has-alpha-channel-opacity\"\/>\n\n\n\n<h2 class=\"wp-block-heading has-text-align-center\">L&rsquo;\u00e9quipe compl\u00e8te<\/h2>\n\n\n\n<p class=\"has-text-align-center\">(<a href=\"https:\/\/sbc2026espritvillage.fr\/wp-content\/uploads\/2026\/03\/LISTESBC2026EspritVillage.pdf\" target=\"_blank\" data-type=\"attachment\" data-id=\"303\" rel=\"noreferrer noopener nofollow sponsored\">cliquez<\/a> pour agrandir)<\/p>\n\n\n<div class=\"wp-block-image\">\n<figure class=\"aligncenter size-full is-resized\"><img loading=\"lazy\" decoding=\"async\" width=\"607\" height=\"855\" src=\"https:\/\/sbc2026espritvillage.fr\/wp-content\/uploads\/2026\/03\/EquipeSBC2026EspritVillage-1.png\" alt=\"\" class=\"wp-image-297\" style=\"width:291px;height:auto\" srcset=\"https:\/\/sbc2026espritvillage.fr\/wp-content\/uploads\/2026\/03\/EquipeSBC2026EspritVillage-1.png 607w, https:\/\/sbc2026espritvillage.fr\/wp-content\/uploads\/2026\/03\/EquipeSBC2026EspritVillage-1-213x300.png 213w\" sizes=\"auto, (max-width: 607px) 100vw, 607px\" \/><\/figure>\n<\/div>\n\n\n<p><\/p>\n","protected":false},"excerpt":{"rendered":"<p>Dominique Pargny, t\u00eate de liste &#8211; retrait\u00e9, 73 ans &#8211;Fils d&rsquo;artisan, j&rsquo;ai commenc\u00e9 \u00e0 travailler d\u00e8s mon plus jeune \u00e2ge dans la menuiserie paternelle puis en tant que chauffeur routier pour les livraisons. Mes premi\u00e8res ann\u00e9es professionnelles ont ensuite \u00e9t\u00e9&#8230; <a href=\"https:\/\/sbc2026espritvillage.fr\/?page_id=48\" class=\"readmore\">Lire plus<span class=\"screen-reader-text\">L&rsquo;\u00e9quipe<\/span><span class=\"fa fa-angle-double-right\" aria-hidden=\"true\"><\/span><\/a><\/p>\n","protected":false},"author":1,"featured_media":0,"parent":0,"menu_order":0,"comment_status":"closed","ping_status":"closed","template":"template\/full-width.php","meta":{"footnotes":""},"class_list":["post-48","page","type-page","status-publish","hentry"],"_links":{"self":[{"href":"https:\/\/sbc2026espritvillage.fr\/index.php?rest_route=\/wp\/v2\/pages\/48","targetHints":{"allow":["GET"]}}],"collection":[{"href":"https:\/\/sbc2026espritvillage.fr\/index.php?rest_route=\/wp\/v2\/pages"}],"about":[{"href":"https:\/\/sbc2026espritvillage.fr\/index.php?rest_route=\/wp\/v2\/types\/page"}],"author":[{"embeddable":true,"href":"https:\/\/sbc2026espritvillage.fr\/index.php?rest_route=\/wp\/v2\/users\/1"}],"replies":[{"embeddable":true,"href":"https:\/\/sbc2026espritvillage.fr\/index.php?rest_route=%2Fwp%2Fv2%2Fcomments&post=48"}],"version-history":[{"count":37,"href":"https:\/\/sbc2026espritvillage.fr\/index.php?rest_route=\/wp\/v2\/pages\/48\/revisions"}],"predecessor-version":[{"id":304,"href":"https:\/\/sbc2026espritvillage.fr\/index.php?rest_route=\/wp\/v2\/pages\/48\/revisions\/304"}],"wp:attachment":[{"href":"https:\/\/sbc2026espritvillage.fr\/index.php?rest_route=%2Fwp%2Fv2%2Fmedia&parent=48"}],"curies":[{"name":"wp","href":"https:\/\/api.w.org\/{rel}","templated":true}]}}